{"id":31,"date":"2020-04-13T11:18:52","date_gmt":"2020-04-13T11:18:52","guid":{"rendered":"http:\/\/www.esenyurtgunlukiralikdaire.com\/index.php\/about\/"},"modified":"2024-05-25T19:02:00","modified_gmt":"2024-05-25T19:02:00","slug":"hakkimizda","status":"publish","type":"page","link":"https:\/\/www.esenyurtgunlukiralikdaire.com\/index.php\/hakkimizda\/","title":{"rendered":"Hakk\u0131m\u0131zda"},"content":{"rendered":"\t\t<div data-elementor-type=\"wp-page\" data-elementor-id=\"31\" class=\"elementor elementor-31\">\n\t\t\t\t\t\t<section class=\"elementor-section elementor-top-section elementor-element elementor-element-5131a13e elementor-section-boxed elementor-section-height-default elementor-section-height-default\" data-id=\"5131a13e\" data-element_type=\"section\" data-e-type=\"section\" data-settings=\"{&quot;background_background&quot;:&quot;classic&quot;}\">\n\t\t\t\t\t\t\t<div class=\"elementor-background-overlay\"><\/div>\n\t\t\t\t\t\t\t<div class=\"elementor-container elementor-column-gap-default\">\n\t\t\t\t\t<div class=\"elementor-column elementor-col-100 elementor-top-column elementor-element elementor-element-1053ca7a\" data-id=\"1053ca7a\" data-element_type=\"column\" data-e-type=\"column\">\n\t\t\t<div class=\"elementor-widget-wrap elementor-element-populated\">\n\t\t\t\t\t\t<div class=\"elementor-element elementor-element-3d99e122 elementor-widget elementor-widget-heading\" data-id=\"3d99e122\" data-element_type=\"widget\" data-e-type=\"widget\" data-widget_type=\"heading.default\">\n\t\t\t\t<div class=\"elementor-widget-container\">\n\t\t\t\t\t<h1 class=\"elementor-heading-title elementor-size-default\">Hakk\u0131m\u0131zda<\/h1>\t\t\t\t<\/div>\n\t\t\t\t<\/div>\n\t\t\t\t\t<\/div>\n\t\t<\/div>\n\t\t\t\t\t<\/div>\n\t\t<\/section>\n\t\t\t\t<section class=\"elementor-section elementor-top-section elementor-element elementor-element-40177ae0 elementor-section-boxed elementor-section-height-default elementor-section-height-default\" data-id=\"40177ae0\" data-element_type=\"section\" data-e-type=\"section\">\n\t\t\t\t\t\t<div class=\"elementor-container elementor-column-gap-no\">\n\t\t\t\t\t<div class=\"elementor-column elementor-col-50 elementor-top-column elementor-element elementor-element-2828f573\" data-id=\"2828f573\" data-element_type=\"column\" data-e-type=\"column\">\n\t\t\t<div class=\"elementor-widget-wrap elementor-element-populated\">\n\t\t\t\t\t\t<div class=\"elementor-element elementor-element-3c32f85 elementor-widget elementor-widget-image\" data-id=\"3c32f85\" data-element_type=\"widget\" data-e-type=\"widget\" data-widget_type=\"image.default\">\n\t\t\t\t<div class=\"elementor-widget-container\">\n\t\t\t\t\t\t\t\t\t\t\t\t\t\t\t<img fetchpriority=\"high\" decoding=\"async\" width=\"997\" height=\"1041\" src=\"https:\/\/www.esenyurtgunlukiralikdaire.com\/wp-content\/uploads\/2024\/05\/cropped-WhatsApp-Gorsel-2024-05-24-saat-20.42.09_6c224796-Photoroom.png-Photoroom.png\" class=\"attachment-full size-full wp-image-1539\" alt=\"\" srcset=\"https:\/\/www.esenyurtgunlukiralikdaire.com\/wp-content\/uploads\/2024\/05\/cropped-WhatsApp-Gorsel-2024-05-24-saat-20.42.09_6c224796-Photoroom.png-Photoroom.png 997w, https:\/\/www.esenyurtgunlukiralikdaire.com\/wp-content\/uploads\/2024\/05\/cropped-WhatsApp-Gorsel-2024-05-24-saat-20.42.09_6c224796-Photoroom.png-Photoroom-287x300.png 287w, https:\/\/www.esenyurtgunlukiralikdaire.com\/wp-content\/uploads\/2024\/05\/cropped-WhatsApp-Gorsel-2024-05-24-saat-20.42.09_6c224796-Photoroom.png-Photoroom-981x1024.png 981w, https:\/\/www.esenyurtgunlukiralikdaire.com\/wp-content\/uploads\/2024\/05\/cropped-WhatsApp-Gorsel-2024-05-24-saat-20.42.09_6c224796-Photoroom.png-Photoroom-768x802.png 768w\" sizes=\"(max-width: 997px) 100vw, 997px\" \/>\t\t\t\t\t\t\t\t\t\t\t\t\t\t\t<\/div>\n\t\t\t\t<\/div>\n\t\t\t\t\t<\/div>\n\t\t<\/div>\n\t\t\t\t<div class=\"elementor-column elementor-col-50 elementor-top-column elementor-element elementor-element-48096891\" data-id=\"48096891\" data-element_type=\"column\" data-e-type=\"column\">\n\t\t\t<div class=\"elementor-widget-wrap elementor-element-populated\">\n\t\t\t\t\t\t<div class=\"elementor-element elementor-element-44ce5982 elementor-widget__width-initial elementor-widget elementor-widget-text-editor\" data-id=\"44ce5982\" data-element_type=\"widget\" data-e-type=\"widget\" data-widget_type=\"text-editor.default\">\n\t\t\t\t<div class=\"elementor-widget-container\">\n\t\t\t\t\t\t\t\t\t<p><strong><span style=\"color: #000000; font-family: Rubik; font-size: 18px;\">Siz de\u011ferli m\u00fc\u015fterilerimizin beylikd\u00fcz\u00fc,esenyurt ve b\u00fcy\u00fck\u00e7ekmece semtlerinde konaklama ihtiya\u00e7lar\u0131n\u0131 uzun y\u0131llard\u0131r sa\u011flamaya devam ediyoruz.<\/span><\/strong><\/p><p style=\"margin-bottom: 25px; color: #666666; font-family: Rubik; font-size: 18px; font-style: normal; font-weight: 400;\"><strong><span style=\"color: #000000;\">M\u00fc\u015fteri memnuniyetinin \u00f6nemini biliyoruz ve bunun i\u00e7in siz de\u011ferli m\u00fc\u015fterilerimize uygun fiyat ile kaliteli hizmet vermek i\u00e7in s\u00fcrekli kendimizi geli\u015ftirerek \u00e7al\u0131\u015fmaya devam ediyoruz.\u00a0<\/span><\/strong><\/p><h6><span style=\"color: #000000;\"><strong>T\u00fcm dairelerimiz gerekli dezenfekte s\u00fcrelerinden\u00a0 ge\u00e7erek bir sonraki m\u00fc\u015fterimiz i\u00e7in haz\u0131r ve kullan\u0131labilir hale gelmektedir.<\/strong><\/span><\/h6><p style=\"margin-bottom: 25px; color: #666666; font-family: Rubik; font-size: 18px; font-style: normal; font-weight: 400;\"><strong><span style=\"color: #000000;\">Bizi se\u00e7ti\u011finiz i\u00e7in te\u015fekk\u00fcrler..<\/span><\/strong><\/p><h6><strong><span style=\"color: #000000;\">\u0130leti\u015fim \u0130\u00e7in T\u0131klay\u0131n\u0131z:<a href=\"tel:+905332683434\"><span style=\"color: #0000ff;\"> 0533 268 3434<\/span><\/a><\/span><\/strong><\/h6>\t\t\t\t\t\t\t\t<\/div>\n\t\t\t\t<\/div>\n\t\t\t\t\t<\/div>\n\t\t<\/div>\n\t\t\t\t\t<\/div>\n\t\t<\/section>\n\t\t\t\t<\/div>\n\t\t","protected":false},"excerpt":{"rendered":"<p>Hakk\u0131m\u0131zda Siz de\u011ferli m\u00fc\u015fterilerimizin beylikd\u00fcz\u00fc,esenyurt ve b\u00fcy\u00fck\u00e7ekmece semtlerinde konaklama ihtiya\u00e7lar\u0131n\u0131 uzun y\u0131llard\u0131r sa\u011flamaya devam ediyoruz. M\u00fc\u015fteri memnuniyetinin \u00f6nemini biliyoruz ve bunun i\u00e7in siz de\u011ferli m\u00fc\u015fterilerimize uygun fiyat ile kaliteli hizmet vermek i\u00e7in s\u00fcrekli kendimizi geli\u015ftirerek \u00e7al\u0131\u015fmaya devam ediyoruz.\u00a0 T\u00fcm dairelerimiz gerekli dezenfekte s\u00fcrelerinden\u00a0 ge\u00e7erek bir sonraki m\u00fc\u015fterimiz i\u00e7in haz\u0131r ve kullan\u0131labilir hale gelmektedir. Bizi se\u00e7ti\u011finiz [&hellip;]<\/p>\n","protected":false},"author":1,"featured_media":0,"parent":0,"menu_order":0,"comment_status":"closed","ping_status":"closed","template":"","meta":{"site-sidebar-layout":"no-sidebar","site-content-layout":"page-builder","ast-site-content-layout":"default","site-content-style":"default","site-sidebar-style":"default","ast-global-header-display":"","ast-banner-title-visibility":"","ast-main-header-display":"","ast-hfb-above-header-display":"","ast-hfb-below-header-display":"","ast-hfb-mobile-header-display":"","site-post-title":"disabled","ast-breadcrumbs-content":"","ast-featured-img":"","footer-sml-layout":"","ast-disable-related-posts":"","theme-transparent-header-meta":"enabled","adv-header-id-meta":"","stick-header-meta":"","header-above-stick-meta":"","header-main-stick-meta":"","header-below-stick-meta":"","astra-migrate-meta-layouts":"default","ast-page-background-enabled":"default","ast-page-background-meta":{"desktop":{"background-color":"","background-image":"","background-repeat":"repeat","background-position":"center center","background-size":"auto","background-attachment":"scroll","background-type":"","background-media":"","overlay-type":"","overlay-color":"","overlay-opacity":"","overlay-gradient":""},"tablet":{"background-color":"","background-image":"","background-repeat":"repeat","background-position":"center center","background-size":"auto","background-attachment":"scroll","background-type":"","background-media":"","overlay-type":"","overlay-color":"","overlay-opacity":"","overlay-gradient":""},"mobile":{"background-color":"","background-image":"","background-repeat":"repeat","background-position":"center center","background-size":"auto","background-attachment":"scroll","background-type":"","background-media":"","overlay-type":"","overlay-color":"","overlay-opacity":"","overlay-gradient":""}},"ast-content-background-meta":{"desktop":{"background-color":"var(--ast-global-color-5)","background-image":"","background-repeat":"repeat","background-position":"center center","background-size":"auto","background-attachment":"scroll","background-type":"","background-media":"","overlay-type":"","overlay-color":"","overlay-opacity":"","overlay-gradient":""},"tablet":{"background-color":"var(--ast-global-color-5)","background-image":"","background-repeat":"repeat","background-position":"center center","background-size":"auto","background-attachment":"scroll","background-type":"","background-media":"","overlay-type":"","overlay-color":"","overlay-opacity":"","overlay-gradient":""},"mobile":{"background-color":"var(--ast-global-color-5)","background-image":"","background-repeat":"repeat","background-position":"center center","background-size":"auto","background-attachment":"scroll","background-type":"","background-media":"","overlay-type":"","overlay-color":"","overlay-opacity":"","overlay-gradient":""}},"footnotes":""},"class_list":["post-31","page","type-page","status-publish","hentry"],"aioseo_notices":[],"_links":{"self":[{"href":"https:\/\/www.esenyurtgunlukiralikdaire.com\/index.php\/wp-json\/wp\/v2\/pages\/31","targetHints":{"allow":["GET"]}}],"collection":[{"href":"https:\/\/www.esenyurtgunlukiralikdaire.com\/index.php\/wp-json\/wp\/v2\/pages"}],"about":[{"href":"https:\/\/www.esenyurtgunlukiralikdaire.com\/index.php\/wp-json\/wp\/v2\/types\/page"}],"author":[{"embeddable":true,"href":"https:\/\/www.esenyurtgunlukiralikdaire.com\/index.php\/wp-json\/wp\/v2\/users\/1"}],"replies":[{"embeddable":true,"href":"https:\/\/www.esenyurtgunlukiralikdaire.com\/index.php\/wp-json\/wp\/v2\/comments?post=31"}],"version-history":[{"count":26,"href":"https:\/\/www.esenyurtgunlukiralikdaire.com\/index.php\/wp-json\/wp\/v2\/pages\/31\/revisions"}],"predecessor-version":[{"id":1550,"href":"https:\/\/www.esenyurtgunlukiralikdaire.com\/index.php\/wp-json\/wp\/v2\/pages\/31\/revisions\/1550"}],"wp:attachment":[{"href":"https:\/\/www.esenyurtgunlukiralikdaire.com\/index.php\/wp-json\/wp\/v2\/media?parent=31"}],"curies":[{"name":"wp","href":"https:\/\/api.w.org\/{rel}","templated":true}]}}