{"id":33,"date":"2020-04-13T11:18:48","date_gmt":"2020-04-13T11:18:48","guid":{"rendered":"http:\/\/www.esenyurtgunlukiralikdaire.com\/index.php\/contact\/"},"modified":"2026-04-24T08:56:54","modified_gmt":"2026-04-24T08:56:54","slug":"iletisim","status":"publish","type":"page","link":"https:\/\/www.esenyurtgunlukiralikdaire.com\/index.php\/iletisim\/","title":{"rendered":"\u0130leti\u015fim"},"content":{"rendered":"\t\t<div data-elementor-type=\"wp-page\" data-elementor-id=\"33\" class=\"elementor elementor-33\">\n\t\t\t\t\t\t<section class=\"elementor-section elementor-top-section elementor-element elementor-element-ede6f42 elementor-section-boxed elementor-section-height-default elementor-section-height-default\" data-id=\"ede6f42\" data-element_type=\"section\" data-e-type=\"section\" data-settings=\"{&quot;background_background&quot;:&quot;classic&quot;}\">\n\t\t\t\t\t\t\t<div class=\"elementor-background-overlay\"><\/div>\n\t\t\t\t\t\t\t<div class=\"elementor-container elementor-column-gap-default\">\n\t\t\t\t\t<div class=\"elementor-column elementor-col-100 elementor-top-column elementor-element elementor-element-bc6a053\" data-id=\"bc6a053\" data-element_type=\"column\" data-e-type=\"column\">\n\t\t\t<div class=\"elementor-widget-wrap elementor-element-populated\">\n\t\t\t\t\t\t<div class=\"elementor-element elementor-element-32a6ad1b elementor-widget elementor-widget-heading\" data-id=\"32a6ad1b\" data-element_type=\"widget\" data-e-type=\"widget\" data-widget_type=\"heading.default\">\n\t\t\t\t<div class=\"elementor-widget-container\">\n\t\t\t\t\t<h1 class=\"elementor-heading-title elementor-size-default\">\u0130leti\u015fim<\/h1>\t\t\t\t<\/div>\n\t\t\t\t<\/div>\n\t\t\t\t\t<\/div>\n\t\t<\/div>\n\t\t\t\t\t<\/div>\n\t\t<\/section>\n\t\t\t\t<section class=\"elementor-section elementor-top-section elementor-element elementor-element-29b02a85 elementor-section-content-top elementor-section-boxed elementor-section-height-default elementor-section-height-default\" data-id=\"29b02a85\" data-element_type=\"section\" data-e-type=\"section\">\n\t\t\t\t\t\t<div class=\"elementor-container elementor-column-gap-no\">\n\t\t\t\t\t<div class=\"elementor-column elementor-col-50 elementor-top-column elementor-element elementor-element-30c96c92\" data-id=\"30c96c92\" data-element_type=\"column\" data-e-type=\"column\">\n\t\t\t<div class=\"elementor-widget-wrap elementor-element-populated\">\n\t\t\t\t\t\t<div class=\"elementor-element elementor-element-bf1782a elementor-widget elementor-widget-text-editor\" data-id=\"bf1782a\" data-element_type=\"widget\" data-e-type=\"widget\" data-widget_type=\"text-editor.default\">\n\t\t\t\t<div class=\"elementor-widget-container\">\n\t\t\t\t\t\t\t\t\t<h3>\u2706Aramak \u0130\u00e7in T\u0131kla:<\/h3><h3><a href=\"tel:+90533-268-3434\"><span style=\"color: #ff0000;\">0533-268-3434<\/span><\/a><\/h3><h3><strong>\u2706Arama \u0130\u00e7in T\u0131kla: <\/strong><\/h3><h3><strong><a href=\"tel:+905531757575\"><span style=\"color: #ff0000;\">0553-175-7575<\/span><\/a><\/strong><\/h3>\t\t\t\t\t\t\t\t<\/div>\n\t\t\t\t<\/div>\n\t\t\t\t<div class=\"elementor-element elementor-element-f975936 elementor-widget elementor-widget-htmega-businesshours-addons\" data-id=\"f975936\" data-element_type=\"widget\" data-e-type=\"widget\" data-widget_type=\"htmega-businesshours-addons.default\">\n\t\t\t\t<div class=\"elementor-widget-container\">\n\t\t\t\t\t\n        <div class=\"htmega-business-hours htmega-business-horurs-1\">\n            <div class=\"business-hrs-inner\">\n                <h4 class=\"hour-title\">\u00c7al\u0131\u015fma Saatlerimiz<\/h4>\n                    <div class=\"htmega-single-hrs elementor-repeater-item-b98cb2d \">\n                        <span class=\"day\">Pazartesi<\/span><span class=\"time\">7\/24<\/span>                    <\/div>\n\n                \n                    <div class=\"htmega-single-hrs elementor-repeater-item-a864158 \">\n                        <span class=\"day\">Sal\u0131<\/span><span class=\"time\">7\/24<\/span>                    <\/div>\n\n                \n                    <div class=\"htmega-single-hrs elementor-repeater-item-244df74 \">\n                        <span class=\"day\">\u00c7ar\u015famba<\/span><span class=\"time\">7\/24<\/span>                    <\/div>\n\n                \n                    <div class=\"htmega-single-hrs elementor-repeater-item-4a6afc7 \">\n                        <span class=\"day\">Per\u015fembe<\/span><span class=\"time\">7\/24<\/span>                    <\/div>\n\n                \n                    <div class=\"htmega-single-hrs elementor-repeater-item-c811a3f \">\n                        <span class=\"day\">Cuma<\/span><span class=\"time\">7\/24<\/span>                    <\/div>\n\n                \n                    <div class=\"htmega-single-hrs elementor-repeater-item-b823d19 \">\n                        <span class=\"day\">Cumartesi<\/span><span class=\"time\">7\/24<\/span>                    <\/div>\n\n                \n                    <div class=\"htmega-single-hrs elementor-repeater-item-8ced80f \">\n                        <span class=\"day\">Pazar<\/span><span class=\"time\">7\/24<\/span>                    <\/div>\n\n                            <\/div>\n        <\/div>\n\n        \t\t\t\t<\/div>\n\t\t\t\t<\/div>\n\t\t\t\t\t<\/div>\n\t\t<\/div>\n\t\t\t\t<div class=\"elementor-column elementor-col-50 elementor-top-column elementor-element elementor-element-f174397\" data-id=\"f174397\" data-element_type=\"column\" data-e-type=\"column\">\n\t\t\t<div class=\"elementor-widget-wrap elementor-element-populated\">\n\t\t\t\t\t\t<div class=\"elementor-element elementor-element-ec668b3 elementor-widget elementor-widget-heading\" data-id=\"ec668b3\" data-element_type=\"widget\" data-e-type=\"widget\" data-widget_type=\"heading.default\">\n\t\t\t\t<div class=\"elementor-widget-container\">\n\t\t\t\t\t<h2 class=\"elementor-heading-title elementor-size-default\">Bizimle \u0130leti\u015fime Ge\u00e7in<\/h2>\t\t\t\t<\/div>\n\t\t\t\t<\/div>\n\t\t\t\t<div class=\"elementor-element elementor-element-18efe63 elementor-widget__width-initial elementor-widget elementor-widget-wpforms\" data-id=\"18efe63\" data-element_type=\"widget\" data-e-type=\"widget\" data-widget_type=\"wpforms.default\">\n\t\t\t\t<div class=\"elementor-widget-container\">\n\t\t\t\t\t<div class=\"wpforms-container \" id=\"wpforms-565\"><form id=\"wpforms-form-565\" class=\"wpforms-validate wpforms-form wpforms-ajax-form\" data-formid=\"565\" method=\"post\" enctype=\"multipart\/form-data\" action=\"\/index.php\/wp-json\/wp\/v2\/pages\/33\" data-token=\"dd1661dfef210496bc00c203c21e9a42\" data-token-time=\"1777544745\"><noscript class=\"wpforms-error-noscript\">Bu formu bitirebilmek i\u00e7in taray\u0131c\u0131n\u0131zda JavaScript&#039;i etkinle\u015ftirin.<\/noscript><div class=\"wpforms-field-container\"><div id=\"wpforms-565-field_0-container\" class=\"wpforms-field wpforms-field-name\" data-field-id=\"0\"><label class=\"wpforms-field-label\">Ad\u0131 Soyad\u0131 <span class=\"wpforms-required-label\">*<\/span><\/label><div class=\"wpforms-field-row wpforms-field-medium\"><div class=\"wpforms-field-row-block wpforms-first wpforms-one-half\"><input type=\"text\" id=\"wpforms-565-field_0\" class=\"wpforms-field-name-first wpforms-field-required\" name=\"wpforms[fields][0][first]\" required><label for=\"wpforms-565-field_0\" class=\"wpforms-field-sublabel after\">Ad<\/label><\/div><div class=\"wpforms-field-row-block wpforms-one-half\"><input type=\"text\" id=\"wpforms-565-field_0-last\" class=\"wpforms-field-name-last wpforms-field-required\" name=\"wpforms[fields][0][last]\" required><label for=\"wpforms-565-field_0-last\" class=\"wpforms-field-sublabel after\">Soyad<\/label><\/div><\/div><\/div><div id=\"wpforms-565-field_1-container\" class=\"wpforms-field wpforms-field-email\" data-field-id=\"1\"><label class=\"wpforms-field-label\" for=\"wpforms-565-field_1\">E-posta <span class=\"wpforms-required-label\">*<\/span><\/label><input type=\"email\" id=\"wpforms-565-field_1\" class=\"wpforms-field-medium wpforms-field-required\" name=\"wpforms[fields][1]\" spellcheck=\"false\" required><\/div><div id=\"wpforms-565-field_2-container\" class=\"wpforms-field wpforms-field-textarea\" data-field-id=\"2\"><label class=\"wpforms-field-label\" for=\"wpforms-565-field_2\">Yorum veya Mesaj<\/label><textarea id=\"wpforms-565-field_2\" class=\"wpforms-field-medium\" name=\"wpforms[fields][2]\" ><\/textarea><div class=\"wpforms-field-description\">D\u00fc\u015f\u00fcnceleriniz Bizim \u0130\u00e7in \u00d6nemli \ud83d\ude42<\/div><\/div><\/div><!-- .wpforms-field-container --><div class=\"wpforms-submit-container\" ><input type=\"hidden\" name=\"wpforms[id]\" value=\"565\"><input type=\"hidden\" name=\"page_title\" value=\"\"><input type=\"hidden\" name=\"page_url\" value=\"https:\/\/www.esenyurtgunlukiralikdaire.com\/index.php\/wp-json\/wp\/v2\/pages\/33\"><input type=\"hidden\" name=\"url_referer\" value=\"\"><button type=\"submit\" name=\"wpforms[submit]\" id=\"wpforms-submit-565\" class=\"wpforms-submit\" data-alt-text=\"G\u00f6nderiliyor...\" data-submit-text=\"G\u00f6nder\" aria-live=\"assertive\" value=\"wpforms-submit\">G\u00f6nder<\/button><img decoding=\"async\" src=\"https:\/\/www.esenyurtgunlukiralikdaire.com\/wp-content\/plugins\/wpforms-lite\/assets\/images\/submit-spin.svg\" class=\"wpforms-submit-spinner\" style=\"display: none;\" width=\"26\" height=\"26\" alt=\"Y\u00fckleniyor\"><\/div><\/form><\/div>  <!-- .wpforms-container -->\t\t\t\t<\/div>\n\t\t\t\t<\/div>\n\t\t\t\t\t<\/div>\n\t\t<\/div>\n\t\t\t\t\t<\/div>\n\t\t<\/section>\n\t\t\t\t<section class=\"elementor-section elementor-top-section elementor-element elementor-element-b6da009 elementor-section-boxed elementor-section-height-default elementor-section-height-default\" data-id=\"b6da009\" data-element_type=\"section\" data-e-type=\"section\">\n\t\t\t\t\t\t<div class=\"elementor-container elementor-column-gap-default\">\n\t\t\t\t\t<div class=\"elementor-column elementor-col-100 elementor-top-column elementor-element elementor-element-4150698\" data-id=\"4150698\" data-element_type=\"column\" data-e-type=\"column\">\n\t\t\t<div class=\"elementor-widget-wrap elementor-element-populated\">\n\t\t\t\t\t\t<div class=\"elementor-element elementor-element-a2b7ef9 elementor-widget elementor-widget-google_maps\" data-id=\"a2b7ef9\" data-element_type=\"widget\" data-e-type=\"widget\" data-widget_type=\"google_maps.default\">\n\t\t\t\t<div class=\"elementor-widget-container\">\n\t\t\t\t\t\t\t<div class=\"elementor-custom-embed\">\n\t\t\t<iframe loading=\"lazy\"\n\t\t\t\t\tsrc=\"https:\/\/maps.google.com\/maps?q=%C3%96zyurtlar%20N%20Residence%2C%20G%C3%B6kevler%2C%20555.Sokak%20No%201%20A%20Blok%20Ofis%205%2C%2034500%20B%C3%BCy%C3%BCk%C3%A7ekmece&#038;t=m&#038;z=14&#038;output=embed&#038;iwloc=near\"\n\t\t\t\t\ttitle=\"\u00d6zyurtlar N Residence, G\u00f6kevler, 555.Sokak No 1 A Blok Ofis 5, 34500 B\u00fcy\u00fck\u00e7ekmece\"\n\t\t\t\t\taria-label=\"\u00d6zyurtlar N Residence, G\u00f6kevler, 555.Sokak No 1 A Blok Ofis 5, 34500 B\u00fcy\u00fck\u00e7ekmece\"\n\t\t\t><\/iframe>\n\t\t<\/div>\n\t\t\t\t\t\t<\/div>\n\t\t\t\t<\/div>\n\t\t\t\t\t<\/div>\n\t\t<\/div>\n\t\t\t\t\t<\/div>\n\t\t<\/section>\n\t\t\t\t<section class=\"elementor-section elementor-top-section elementor-element elementor-element-7b4f59b elementor-section-boxed elementor-section-height-default elementor-section-height-default\" data-id=\"7b4f59b\" data-element_type=\"section\" data-e-type=\"section\">\n\t\t\t\t\t\t<div class=\"elementor-container elementor-column-gap-default\">\n\t\t\t\t\t<div class=\"elementor-column elementor-col-100 elementor-top-column elementor-element elementor-element-54437f4\" data-id=\"54437f4\" data-element_type=\"column\" data-e-type=\"column\">\n\t\t\t<div class=\"elementor-widget-wrap elementor-element-populated\">\n\t\t\t\t\t\t<div class=\"elementor-element elementor-element-ab407b3 elementor-widget elementor-widget-text-editor\" data-id=\"ab407b3\" data-element_type=\"widget\" data-e-type=\"widget\" data-widget_type=\"text-editor.default\">\n\t\t\t\t<div class=\"elementor-widget-container\">\n\t\t\t\t\t\t\t\t\t<p>Etiketler:esenyurt g\u00fcnl\u00fck kiral\u0131k daire,esenyurt g\u00fcnl\u00fck kiralik daire,esenyurt gunluk kiralik daire,esenyurt g\u00fcnl\u00fck kiralik daire foto\u011fraflar,esenyurt g\u00fcnl\u00fck kiral\u0131k daire ev,esenyurt g\u00fcnl\u00fck kiral\u0131k daire ucuz,uygun esenyurt g\u00fcnl\u00fck kiral\u0131k daire,uygun fiyatl\u0131 esenyurt g\u00fcnl\u00fck kiral\u0131k daire,uygun fiyatl\u0131esenyurt g\u00fcnl\u00fck kiral\u0131k ev,esenyurt g\u00fcnl\u00fck kiral\u0131k daire fiyatlar\u0131,esenyurt g\u00fcnl\u00fck kiralik daire yorumlar,\u00f6zyurtlar esenyurt g\u00fcnl\u00fck kiral\u0131k daire,esenyurt g\u00fcnl\u00fck kiralik daire esenyurt\/istanbul,istanbul esenyurt g\u00fcnl\u00fck kiral\u0131k daire,esenyurt g\u00fcnl\u00fck kiral\u0131k daire esenyurt\/istanbul,esenyurt g\u00fcnl\u00fck kiral\u0131k daire sahibinden,<span class=\"font-weight-normal\">esenyurt g\u00fcnl\u00fck kiral\u0131k daire<\/span>ler,<span class=\"font-weight-normal\">esenyurt g\u00fcnl\u00fck kiral\u0131k daire<\/span>\u00a01+1,<span class=\"font-weight-normal\">senyurt g\u00fcnl\u00fck kiral\u0131k daire<\/span> 2+1,esenyurt g\u00fcnl\u00fck kiral\u0131k,esenyurt da g\u00fcnl\u00fck kiral\u0131k daire,esenyurt g\u00fcnl\u00fck daire kiral\u0131k daireler,esenyurt fatih g\u00fcnl\u00fck kiral\u0131k daire,esenyurt guzelyurt g\u00fcnl\u00fck kiral\u0131k daire,\u00f6zyurtlar g\u00fcnl\u00fck kiral\u0131k daire esenyurt\/istanbul,esenyurt jakuzili g\u00fcnl\u00fck kiral\u0131k daire,esenyurt g\u00fcnl\u00fck otel,esenyurt g\u00fcnl\u00fck otel fiyatlar\u0131,esenyurt \u00f6zyurtlar g\u00fcnl\u00fck kiral\u0131k daire,esenyurt rezidans kiral\u0131k daire g\u00fcnl\u00fck,esenyurt g\u00fcn\u00fcbirlik oda,esenyurt g\u00fcnl\u00fck oda,esenyurt g\u00fcnl\u00fck kiral\u0131k evler,esenyurt g\u00fcnl\u00fck kiral\u0131k oda,esenyurt\u2019ta g\u00fcnl\u00fck kiral\u0131k daire,esenyurt t\u00fcyap g\u00fcnl\u00fck kiral\u0131k daire,esenyurt t\u00fcyap yan\u0131 g\u00fcnl\u00fck kiral\u0131k daire,g\u00fcnl\u00fck kiral\u0131k daire esenyurt\/istanbul yak\u0131n\u0131nda,g\u00fcnl\u00fck daire esenyurt,esenyurt e 5 yak\u0131n g\u00fcnl\u00fck kiral\u0131k daire,esenyurt g\u00fcnl\u00fck ev,esenyurt g\u00fcnl\u00fck daire,esenyurt g\u00fcnl\u00fck evler, konaklama,\u00f6zyurtlar ,\u00f6zyurtlar\u00a0 suit,\u00f6zyurtlar\u00a0 konaklama<\/p>\t\t\t\t\t\t\t\t<\/div>\n\t\t\t\t<\/div>\n\t\t\t\t\t<\/div>\n\t\t<\/div>\n\t\t\t\t\t<\/div>\n\t\t<\/section>\n\t\t\t\t<\/div>\n\t\t","protected":false},"excerpt":{"rendered":"<p>\u0130leti\u015fim \u2706Aramak \u0130\u00e7in T\u0131kla: 0533-268-3434 \u2706Arama \u0130\u00e7in T\u0131kla: 0553-175-7575 \u00c7al\u0131\u015fma Saatlerimiz Pazartesi7\/24 Sal\u01317\/24 \u00c7ar\u015famba7\/24 Per\u015fembe7\/24 Cuma7\/24 Cumartesi7\/24 Pazar7\/24 Bizimle \u0130leti\u015fime Ge\u00e7in Bu formu bitirebilmek i\u00e7in taray\u0131c\u0131n\u0131zda JavaScript&#039;i etkinle\u015ftirin.Ad\u0131 Soyad\u0131 *AdSoyadE-posta *Yorum veya MesajD\u00fc\u015f\u00fcnceleriniz Bizim \u0130\u00e7in \u00d6nemli \ud83d\ude42 G\u00f6nder Etiketler:esenyurt g\u00fcnl\u00fck kiral\u0131k daire,esenyurt g\u00fcnl\u00fck kiralik daire,esenyurt gunluk kiralik daire,esenyurt g\u00fcnl\u00fck kiralik daire foto\u011fraflar,esenyurt g\u00fcnl\u00fck kiral\u0131k daire [&hellip;]<\/p>\n","protected":false},"author":1,"featured_media":0,"parent":0,"menu_order":0,"comment_status":"closed","ping_status":"closed","template":"","meta":{"site-sidebar-layout":"no-sidebar","site-content-layout":"page-builder","ast-site-content-layout":"default","site-content-style":"default","site-sidebar-style":"default","ast-global-header-display":"","ast-banner-title-visibility":"","ast-main-header-display":"","ast-hfb-above-header-display":"","ast-hfb-below-header-display":"","ast-hfb-mobile-header-display":"","site-post-title":"","ast-breadcrumbs-content":"","ast-featured-img":"","footer-sml-layout":"","ast-disable-related-posts":"","theme-transparent-header-meta":"enabled","adv-header-id-meta":"","stick-header-meta":"","header-above-stick-meta":"","header-main-stick-meta":"","header-below-stick-meta":"","astra-migrate-meta-layouts":"default","ast-page-background-enabled":"default","ast-page-background-meta":{"desktop":{"background-color":"","background-image":"","background-repeat":"repeat","background-position":"center center","background-size":"auto","background-attachment":"scroll","background-type":"","background-media":"","overlay-type":"","overlay-color":"","overlay-opacity":"","overlay-gradient":""},"tablet":{"background-color":"","background-image":"","background-repeat":"repeat","background-position":"center center","background-size":"auto","background-attachment":"scroll","background-type":"","background-media":"","overlay-type":"","overlay-color":"","overlay-opacity":"","overlay-gradient":""},"mobile":{"background-color":"","background-image":"","background-repeat":"repeat","background-position":"center center","background-size":"auto","background-attachment":"scroll","background-type":"","background-media":"","overlay-type":"","overlay-color":"","overlay-opacity":"","overlay-gradient":""}},"ast-content-background-meta":{"desktop":{"background-color":"var(--ast-global-color-5)","background-image":"","background-repeat":"repeat","background-position":"center center","background-size":"auto","background-attachment":"scroll","background-type":"","background-media":"","overlay-type":"","overlay-color":"","overlay-opacity":"","overlay-gradient":""},"tablet":{"background-color":"var(--ast-global-color-5)","background-image":"","background-repeat":"repeat","background-position":"center center","background-size":"auto","background-attachment":"scroll","background-type":"","background-media":"","overlay-type":"","overlay-color":"","overlay-opacity":"","overlay-gradient":""},"mobile":{"background-color":"var(--ast-global-color-5)","background-image":"","background-repeat":"repeat","background-position":"center center","background-size":"auto","background-attachment":"scroll","background-type":"","background-media":"","overlay-type":"","overlay-color":"","overlay-opacity":"","overlay-gradient":""}},"footnotes":""},"class_list":["post-33","page","type-page","status-publish","hentry"],"aioseo_notices":[],"_links":{"self":[{"href":"https:\/\/www.esenyurtgunlukiralikdaire.com\/index.php\/wp-json\/wp\/v2\/pages\/33","targetHints":{"allow":["GET"]}}],"collection":[{"href":"https:\/\/www.esenyurtgunlukiralikdaire.com\/index.php\/wp-json\/wp\/v2\/pages"}],"about":[{"href":"https:\/\/www.esenyurtgunlukiralikdaire.com\/index.php\/wp-json\/wp\/v2\/types\/page"}],"author":[{"embeddable":true,"href":"https:\/\/www.esenyurtgunlukiralikdaire.com\/index.php\/wp-json\/wp\/v2\/users\/1"}],"replies":[{"embeddable":true,"href":"https:\/\/www.esenyurtgunlukiralikdaire.com\/index.php\/wp-json\/wp\/v2\/comments?post=33"}],"version-history":[{"count":60,"href":"https:\/\/www.esenyurtgunlukiralikdaire.com\/index.php\/wp-json\/wp\/v2\/pages\/33\/revisions"}],"predecessor-version":[{"id":1639,"href":"https:\/\/www.esenyurtgunlukiralikdaire.com\/index.php\/wp-json\/wp\/v2\/pages\/33\/revisions\/1639"}],"wp:attachment":[{"href":"https:\/\/www.esenyurtgunlukiralikdaire.com\/index.php\/wp-json\/wp\/v2\/media?parent=33"}],"curies":[{"name":"wp","href":"https:\/\/api.w.org\/{rel}","templated":true}]}}